{"id":5356,"date":"2025-02-18T09:02:40","date_gmt":"2025-02-18T09:02:40","guid":{"rendered":"https:\/\/hinterlandofthings.com\/hotels\/"},"modified":"2026-04-02T09:14:48","modified_gmt":"2026-04-02T09:14:48","slug":"hotels","status":"publish","type":"page","link":"https:\/\/hinterlandofthings.com\/de\/hotels\/","title":{"rendered":"Hotels"},"content":{"rendered":"\t\t<div data-elementor-type=\"wp-page\" data-elementor-id=\"5356\" class=\"elementor elementor-5356 elementor-4598\" data-elementor-post-type=\"page\">\n\t\t\t\t<div class=\"elementor-element elementor-element-704ba7e4 e-flex e-con-boxed e-con e-parent\" data-id=\"704ba7e4\" data-element_type=\"container\" data-e-type=\"container\" data-settings=\"{&quot;background_background&quot;:&quot;classic&quot;}\">\n\t\t\t\t\t<div class=\"e-con-inner\">\n\t\t\t\t<div class=\"elementor-element elementor-element-272784ef elementor-invisible elementor-widget elementor-widget-heading\" data-id=\"272784ef\" data-element_type=\"widget\" data-e-type=\"widget\" data-settings=\"{&quot;_animation&quot;:&quot;fadeInLeft&quot;}\" data-widget_type=\"heading.default\">\n\t\t\t\t<div class=\"elementor-widget-container\">\n\t\t\t\t\t<h1 class=\"elementor-heading-title elementor-size-default\">HOTELS &amp; ZUG<\/h1>\t\t\t\t<\/div>\n\t\t\t\t<\/div>\n\t\t\t\t<div class=\"elementor-element elementor-element-2a751fd0 elementor-widget elementor-widget-text-editor\" data-id=\"2a751fd0\" data-element_type=\"widget\" data-e-type=\"widget\" data-widget_type=\"text-editor.default\">\n\t\t\t\t<div class=\"elementor-widget-container\">\n\t\t\t\t\t\t\t\t\t<p>Sie besuchen die Hinterland of Things Conference 2025 und sind auf der Suche nach der perfekten Unterkunft? Wir haben das Richtige f\u00fcr Sie! Um Ihren Aufenthalt noch angenehmer zu gestalten, haben wir uns mit den besten Hotels in Bielefeld zusammengetan, um exklusive Rabatte und Sonderpreise f\u00fcr Konferenzteilnehmer anzubieten.  <\/p>\t\t\t\t\t\t\t\t<\/div>\n\t\t\t\t<\/div>\n\t\t\t\t<div class=\"elementor-element elementor-element-7048e5ea elementor-widget elementor-widget-button\" data-id=\"7048e5ea\" data-element_type=\"widget\" data-e-type=\"widget\" data-widget_type=\"button.default\">\n\t\t\t\t<div class=\"elementor-widget-container\">\n\t\t\t\t\t\t\t\t\t<div class=\"elementor-button-wrapper\">\n\t\t\t\t\t<a class=\"elementor-button elementor-button-link elementor-size-sm elementor-animation-grow\" href=\"https:\/\/shop.hinterlandofthings.com\/event\/hinterland-of-things-2025-r1nbbc\">\n\t\t\t\t\t\t<span class=\"elementor-button-content-wrapper\">\n\t\t\t\t\t\t\t\t\t<span class=\"elementor-button-text\">TICKET KAUFEN<\/span>\n\t\t\t\t\t<\/span>\n\t\t\t\t\t<\/a>\n\t\t\t\t<\/div>\n\t\t\t\t\t\t\t\t<\/div>\n\t\t\t\t<\/div>\n\t\t\t\t\t<\/div>\n\t\t\t\t<\/div>\n\t\t<div class=\"elementor-element elementor-element-6f192b2 e-flex e-con-boxed e-con e-parent\" data-id=\"6f192b2\" data-element_type=\"container\" data-e-type=\"container\">\n\t\t\t\t\t<div class=\"e-con-inner\">\n\t\t\t\t<div class=\"elementor-element elementor-element-c9791b9 elementor-widget elementor-widget-heading\" data-id=\"c9791b9\" data-element_type=\"widget\" data-e-type=\"widget\" data-widget_type=\"heading.default\">\n\t\t\t\t<div class=\"elementor-widget-container\">\n\t\t\t\t\t<h2 class=\"elementor-heading-title elementor-size-default\">ALLGEMEINE INFORMATIONEN<\/h2>\t\t\t\t<\/div>\n\t\t\t\t<\/div>\n\t\t\t\t<div class=\"elementor-element elementor-element-827fd6d elementor-widget elementor-widget-text-editor\" data-id=\"827fd6d\" data-element_type=\"widget\" data-e-type=\"widget\" data-widget_type=\"text-editor.default\">\n\t\t\t\t<div class=\"elementor-widget-container\">\n\t\t\t\t\t\t\t\t\t<p>Wenn Sie eine Unterkunft f\u00fcr den Vortag oder den Konferenztag in Bielefeld ben\u00f6tigen, haben wir uns mit den unten aufgef\u00fchrten Hotels zusammengeschlossen und bieten Ihnen einen Sonderrabatt f\u00fcr Ihren Aufenthalt an. Diese Rabatte sind nur per Mail oder Telefon bei den unten genannten Ansprechpartnern erh\u00e4ltlich.  <\/p>\t\t\t\t\t\t\t\t<\/div>\n\t\t\t\t<\/div>\n\t\t\t\t\t<\/div>\n\t\t\t\t<\/div>\n\t\t<div class=\"elementor-element elementor-element-e9098b9 e-flex e-con-boxed e-con e-parent\" data-id=\"e9098b9\" data-element_type=\"container\" data-e-type=\"container\">\n\t\t\t\t\t<div class=\"e-con-inner\">\n\t\t<div class=\"elementor-element elementor-element-9a1a03d e-con-full e-flex e-con e-child\" data-id=\"9a1a03d\" data-element_type=\"container\" data-e-type=\"container\">\n\t\t\t\t<div class=\"elementor-element elementor-element-b30e4be elementor-widget elementor-widget-image\" data-id=\"b30e4be\" data-element_type=\"widget\" data-e-type=\"widget\" data-widget_type=\"image.default\">\n\t\t\t\t<div class=\"elementor-widget-container\">\n\t\t\t\t\t\t\t\t\t\t\t\t\t\t\t<img fetchpriority=\"high\" decoding=\"async\" width=\"800\" height=\"534\" src=\"https:\/\/hinterlandofthings.com\/wp-content\/uploads\/2025\/02\/407585098.jpg\" class=\"attachment-large size-large wp-image-4603\" alt=\"\" srcset=\"https:\/\/hinterlandofthings.com\/wp-content\/uploads\/2025\/02\/407585098.jpg 1024w, https:\/\/hinterlandofthings.com\/wp-content\/uploads\/2025\/02\/407585098-300x200.jpg 300w, https:\/\/hinterlandofthings.com\/wp-content\/uploads\/2025\/02\/407585098-768x512.jpg 768w\" sizes=\"(max-width: 800px) 100vw, 800px\" \/>\t\t\t\t\t\t\t\t\t\t\t\t\t\t\t<\/div>\n\t\t\t\t<\/div>\n\t\t\t\t<\/div>\n\t\t<div class=\"elementor-element elementor-element-4106b03 e-con-full e-flex e-con e-child\" data-id=\"4106b03\" data-element_type=\"container\" data-e-type=\"container\">\n\t\t\t\t<div class=\"elementor-element elementor-element-ec16318 elementor-widget elementor-widget-heading\" data-id=\"ec16318\" data-element_type=\"widget\" data-e-type=\"widget\" data-widget_type=\"heading.default\">\n\t\t\t\t<div class=\"elementor-widget-container\">\n\t\t\t\t\t<h2 class=\"elementor-heading-title elementor-size-default\">RAVENSBERGER HOF<\/h2>\t\t\t\t<\/div>\n\t\t\t\t<\/div>\n\t\t\t\t<div class=\"elementor-element elementor-element-08f5f3c elementor-widget elementor-widget-text-editor\" data-id=\"08f5f3c\" data-element_type=\"widget\" data-e-type=\"widget\" data-widget_type=\"text-editor.default\">\n\t\t\t\t<div class=\"elementor-widget-container\">\n\t\t\t\t\t\t\t\t\t<p>G\u00fcsenstra\u00dfe 4 &#8211; 33602 Bielefeld<\/p><p>Einzelzimmer: 149,00\u20ac<\/p><p>Passwort: Hinterland 2025<\/p>\t\t\t\t\t\t\t\t<\/div>\n\t\t\t\t<\/div>\n\t\t\t\t<\/div>\n\t\t<div class=\"elementor-element elementor-element-3422b0b e-con-full e-flex e-con e-child\" data-id=\"3422b0b\" data-element_type=\"container\" data-e-type=\"container\">\n\t\t\t\t<div class=\"elementor-element elementor-element-57cb010 elementor-widget elementor-widget-heading\" data-id=\"57cb010\" data-element_type=\"widget\" data-e-type=\"widget\" data-widget_type=\"heading.default\">\n\t\t\t\t<div class=\"elementor-widget-container\">\n\t\t\t\t\t<h2 class=\"elementor-heading-title elementor-size-default\">KONTAKT<\/h2>\t\t\t\t<\/div>\n\t\t\t\t<\/div>\n\t\t\t\t<div class=\"elementor-element elementor-element-cf79eb5 elementor-widget elementor-widget-text-editor\" data-id=\"cf79eb5\" data-element_type=\"widget\" data-e-type=\"widget\" data-widget_type=\"text-editor.default\">\n\t\t\t\t<div class=\"elementor-widget-container\">\n\t\t\t\t\t\t\t\t\t<p>Anja Wielanek &amp; Ferhan Turpcu<\/p><p> 0521\/98625993<br>info@ravensberger-hof.com<br>ferhan.turpcu@ravensberger-hof.com<\/p>\t\t\t\t\t\t\t\t<\/div>\n\t\t\t\t<\/div>\n\t\t\t\t<\/div>\n\t\t\t\t\t<\/div>\n\t\t\t\t<\/div>\n\t\t<div class=\"elementor-element elementor-element-1391b85 e-flex e-con-boxed e-con e-parent\" data-id=\"1391b85\" data-element_type=\"container\" data-e-type=\"container\">\n\t\t\t\t\t<div class=\"e-con-inner\">\n\t\t<div class=\"elementor-element elementor-element-f5cef1d e-con-full e-flex e-con e-child\" data-id=\"f5cef1d\" data-element_type=\"container\" data-e-type=\"container\">\n\t\t\t\t<div class=\"elementor-element elementor-element-3ec59fb elementor-widget elementor-widget-image\" data-id=\"3ec59fb\" data-element_type=\"widget\" data-e-type=\"widget\" data-widget_type=\"image.default\">\n\t\t\t\t<div class=\"elementor-widget-container\">\n\t\t\t\t\t\t\t\t\t\t\t\t\t\t\t<img decoding=\"async\" width=\"800\" height=\"481\" src=\"https:\/\/hinterlandofthings.com\/wp-content\/uploads\/2025\/02\/zimmer_203_5-1024x616.jpg\" class=\"attachment-large size-large wp-image-4605\" alt=\"\" srcset=\"https:\/\/hinterlandofthings.com\/wp-content\/uploads\/2025\/02\/zimmer_203_5-1024x616.jpg 1024w, https:\/\/hinterlandofthings.com\/wp-content\/uploads\/2025\/02\/zimmer_203_5-300x181.jpg 300w, https:\/\/hinterlandofthings.com\/wp-content\/uploads\/2025\/02\/zimmer_203_5-768x462.jpg 768w, https:\/\/hinterlandofthings.com\/wp-content\/uploads\/2025\/02\/zimmer_203_5.jpg 1027w\" sizes=\"(max-width: 800px) 100vw, 800px\" \/>\t\t\t\t\t\t\t\t\t\t\t\t\t\t\t<\/div>\n\t\t\t\t<\/div>\n\t\t\t\t<\/div>\n\t\t<div class=\"elementor-element elementor-element-77eab17 e-con-full e-flex e-con e-child\" data-id=\"77eab17\" data-element_type=\"container\" data-e-type=\"container\">\n\t\t\t\t<div class=\"elementor-element elementor-element-f0ebd37 elementor-widget elementor-widget-heading\" data-id=\"f0ebd37\" data-element_type=\"widget\" data-e-type=\"widget\" data-widget_type=\"heading.default\">\n\t\t\t\t<div class=\"elementor-widget-container\">\n\t\t\t\t\t<h2 class=\"elementor-heading-title elementor-size-default\">PARKHOTEL MILSER KRUG<\/h2>\t\t\t\t<\/div>\n\t\t\t\t<\/div>\n\t\t\t\t<div class=\"elementor-element elementor-element-6691d5c elementor-widget elementor-widget-text-editor\" data-id=\"6691d5c\" data-element_type=\"widget\" data-e-type=\"widget\" data-widget_type=\"text-editor.default\">\n\t\t\t\t<div class=\"elementor-widget-container\">\n\t\t\t\t\t\t\t\t\t<p>Herforderstr. 534 &#8211; 33602 Bielefeld <\/p><p>Einzelzimmer: 149,00\u20ac <\/p><p>Doppelzimmer: 179,00\u20ac<\/p><p>Suite: 209,00\u20ac<\/p><p>Passwort: Hinterland 2025<\/p>\t\t\t\t\t\t\t\t<\/div>\n\t\t\t\t<\/div>\n\t\t\t\t<\/div>\n\t\t<div class=\"elementor-element elementor-element-27613f6 e-con-full e-flex e-con e-child\" data-id=\"27613f6\" data-element_type=\"container\" data-e-type=\"container\">\n\t\t\t\t<div class=\"elementor-element elementor-element-cb257f1 elementor-widget elementor-widget-heading\" data-id=\"cb257f1\" data-element_type=\"widget\" data-e-type=\"widget\" data-widget_type=\"heading.default\">\n\t\t\t\t<div class=\"elementor-widget-container\">\n\t\t\t\t\t<h2 class=\"elementor-heading-title elementor-size-default\">KONTAKT<\/h2>\t\t\t\t<\/div>\n\t\t\t\t<\/div>\n\t\t\t\t<div class=\"elementor-element elementor-element-1ecb87e elementor-widget elementor-widget-text-editor\" data-id=\"1ecb87e\" data-element_type=\"widget\" data-e-type=\"widget\" data-widget_type=\"text-editor.default\">\n\t\t\t\t<div class=\"elementor-widget-container\">\n\t\t\t\t\t\t\t\t\t<p>Bert St\u00f6rmer<\/p><p>0521\/136330<br>info@milserkrug.de<\/p>\t\t\t\t\t\t\t\t<\/div>\n\t\t\t\t<\/div>\n\t\t\t\t<\/div>\n\t\t\t\t\t<\/div>\n\t\t\t\t<\/div>\n\t\t<div class=\"elementor-element elementor-element-4929b9d e-flex e-con-boxed e-con e-parent\" data-id=\"4929b9d\" data-element_type=\"container\" data-e-type=\"container\">\n\t\t\t\t\t<div class=\"e-con-inner\">\n\t\t<div class=\"elementor-element elementor-element-57ca09c e-con-full e-flex e-con e-child\" data-id=\"57ca09c\" data-element_type=\"container\" data-e-type=\"container\">\n\t\t\t\t<div class=\"elementor-element elementor-element-cea155a elementor-widget elementor-widget-image\" data-id=\"cea155a\" data-element_type=\"widget\" data-e-type=\"widget\" data-widget_type=\"image.default\">\n\t\t\t\t<div class=\"elementor-widget-container\">\n\t\t\t\t\t\t\t\t\t\t\t\t\t\t\t<img decoding=\"async\" width=\"800\" height=\"534\" src=\"https:\/\/hinterlandofthings.com\/wp-content\/uploads\/2025\/02\/32305803.jpg\" class=\"attachment-large size-large wp-image-4607\" alt=\"\" srcset=\"https:\/\/hinterlandofthings.com\/wp-content\/uploads\/2025\/02\/32305803.jpg 1024w, https:\/\/hinterlandofthings.com\/wp-content\/uploads\/2025\/02\/32305803-300x200.jpg 300w, https:\/\/hinterlandofthings.com\/wp-content\/uploads\/2025\/02\/32305803-768x512.jpg 768w\" sizes=\"(max-width: 800px) 100vw, 800px\" \/>\t\t\t\t\t\t\t\t\t\t\t\t\t\t\t<\/div>\n\t\t\t\t<\/div>\n\t\t\t\t<\/div>\n\t\t<div class=\"elementor-element elementor-element-a59c687 e-con-full e-flex e-con e-child\" data-id=\"a59c687\" data-element_type=\"container\" data-e-type=\"container\">\n\t\t\t\t<div class=\"elementor-element elementor-element-2969cc8 elementor-widget elementor-widget-heading\" data-id=\"2969cc8\" data-element_type=\"widget\" data-e-type=\"widget\" data-widget_type=\"heading.default\">\n\t\t\t\t<div class=\"elementor-widget-container\">\n\t\t\t\t\t<h2 class=\"elementor-heading-title elementor-size-default\">ALTSTADT HOTEL BIELEFELD<\/h2>\t\t\t\t<\/div>\n\t\t\t\t<\/div>\n\t\t\t\t<div class=\"elementor-element elementor-element-812f441 elementor-widget elementor-widget-text-editor\" data-id=\"812f441\" data-element_type=\"widget\" data-e-type=\"widget\" data-widget_type=\"text-editor.default\">\n\t\t\t\t<div class=\"elementor-widget-container\">\n\t\t\t\t\t\t\t\t\t<p>Ritterstr. 15 &#8211; 33602 Bielefeld <\/p><p>Doppelzimmer: 210,00\u20ac<\/p><p>Passwort: Hinterland 2025<\/p>\t\t\t\t\t\t\t\t<\/div>\n\t\t\t\t<\/div>\n\t\t\t\t<\/div>\n\t\t<div class=\"elementor-element elementor-element-1ef6316 e-con-full e-flex e-con e-child\" data-id=\"1ef6316\" data-element_type=\"container\" data-e-type=\"container\">\n\t\t\t\t<div class=\"elementor-element elementor-element-caff50a elementor-widget elementor-widget-heading\" data-id=\"caff50a\" data-element_type=\"widget\" data-e-type=\"widget\" data-widget_type=\"heading.default\">\n\t\t\t\t<div class=\"elementor-widget-container\">\n\t\t\t\t\t<h2 class=\"elementor-heading-title elementor-size-default\">KONTAKT<\/h2>\t\t\t\t<\/div>\n\t\t\t\t<\/div>\n\t\t\t\t<div class=\"elementor-element elementor-element-e7b21a6 elementor-widget elementor-widget-text-editor\" data-id=\"e7b21a6\" data-element_type=\"widget\" data-e-type=\"widget\" data-widget_type=\"text-editor.default\">\n\t\t\t\t<div class=\"elementor-widget-container\">\n\t\t\t\t\t\t\t\t\t<p>Natalie Mainardy<\/p><p>info@altstadt-hotel-bielefeld.de<\/p>\t\t\t\t\t\t\t\t<\/div>\n\t\t\t\t<\/div>\n\t\t\t\t<\/div>\n\t\t\t\t\t<\/div>\n\t\t\t\t<\/div>\n\t\t<div class=\"elementor-element elementor-element-947acd5 e-flex e-con-boxed e-con e-parent\" data-id=\"947acd5\" data-element_type=\"container\" data-e-type=\"container\">\n\t\t\t\t\t<div class=\"e-con-inner\">\n\t\t<div class=\"elementor-element elementor-element-d08ba89 e-con-full e-flex e-con e-child\" data-id=\"d08ba89\" data-element_type=\"container\" data-e-type=\"container\">\n\t\t\t\t<div class=\"elementor-element elementor-element-1a83a6b elementor-widget elementor-widget-image\" data-id=\"1a83a6b\" data-element_type=\"widget\" data-e-type=\"widget\" data-widget_type=\"image.default\">\n\t\t\t\t<div class=\"elementor-widget-container\">\n\t\t\t\t\t\t\t\t\t\t\t\t\t\t\t<img loading=\"lazy\" decoding=\"async\" width=\"800\" height=\"600\" src=\"https:\/\/hinterlandofthings.com\/wp-content\/uploads\/2025\/02\/ZS9wcm9kLzg5NDEyXzUwMzMxMS5qcGc-1024x768.webp\" class=\"attachment-large size-large wp-image-4609\" alt=\"\" srcset=\"https:\/\/hinterlandofthings.com\/wp-content\/uploads\/2025\/02\/ZS9wcm9kLzg5NDEyXzUwMzMxMS5qcGc-1024x768.webp 1024w, https:\/\/hinterlandofthings.com\/wp-content\/uploads\/2025\/02\/ZS9wcm9kLzg5NDEyXzUwMzMxMS5qcGc-300x225.webp 300w, https:\/\/hinterlandofthings.com\/wp-content\/uploads\/2025\/02\/ZS9wcm9kLzg5NDEyXzUwMzMxMS5qcGc-768x576.webp 768w, https:\/\/hinterlandofthings.com\/wp-content\/uploads\/2025\/02\/ZS9wcm9kLzg5NDEyXzUwMzMxMS5qcGc.webp 1280w\" sizes=\"(max-width: 800px) 100vw, 800px\" \/>\t\t\t\t\t\t\t\t\t\t\t\t\t\t\t<\/div>\n\t\t\t\t<\/div>\n\t\t\t\t<\/div>\n\t\t<div class=\"elementor-element elementor-element-87a27e9 e-con-full e-flex e-con e-child\" data-id=\"87a27e9\" data-element_type=\"container\" data-e-type=\"container\">\n\t\t\t\t<div class=\"elementor-element elementor-element-a9e9886 elementor-widget elementor-widget-heading\" data-id=\"a9e9886\" data-element_type=\"widget\" data-e-type=\"widget\" data-widget_type=\"heading.default\">\n\t\t\t\t<div class=\"elementor-widget-container\">\n\t\t\t\t\t<h2 class=\"elementor-heading-title elementor-size-default\">MERCURE HOTEL <\/h2>\t\t\t\t<\/div>\n\t\t\t\t<\/div>\n\t\t\t\t<div class=\"elementor-element elementor-element-5b39e4e elementor-widget elementor-widget-text-editor\" data-id=\"5b39e4e\" data-element_type=\"widget\" data-e-type=\"widget\" data-widget_type=\"text-editor.default\">\n\t\t\t\t<div class=\"elementor-widget-container\">\n\t\t\t\t\t\t\t\t\t<p>Am Johannisberg 5 &#8211; 33615 Bielefeld<\/p><p>Einzelzimmer: 109,00\u20ac<\/p><p>Doppelzimmer: 129,00\u20ac<\/p><p>Passwort: Hinterland 2025<\/p>\t\t\t\t\t\t\t\t<\/div>\n\t\t\t\t<\/div>\n\t\t\t\t<\/div>\n\t\t<div class=\"elementor-element elementor-element-00e44de e-con-full e-flex e-con e-child\" data-id=\"00e44de\" data-element_type=\"container\" data-e-type=\"container\">\n\t\t\t\t<div class=\"elementor-element elementor-element-7c62a84 elementor-widget elementor-widget-heading\" data-id=\"7c62a84\" data-element_type=\"widget\" data-e-type=\"widget\" data-widget_type=\"heading.default\">\n\t\t\t\t<div class=\"elementor-widget-container\">\n\t\t\t\t\t<h2 class=\"elementor-heading-title elementor-size-default\">KONTAKT<\/h2>\t\t\t\t<\/div>\n\t\t\t\t<\/div>\n\t\t\t\t<div class=\"elementor-element elementor-element-b4df079 elementor-widget elementor-widget-text-editor\" data-id=\"b4df079\" data-element_type=\"widget\" data-e-type=\"widget\" data-widget_type=\"text-editor.default\">\n\t\t\t\t<div class=\"elementor-widget-container\">\n\t\t\t\t\t\t\t\t\t<p>Vedat Cenan &amp; Annika Krischker<\/p><p>0521\/92380<br>0521\/9238103<br> <\/p>\t\t\t\t\t\t\t\t<\/div>\n\t\t\t\t<\/div>\n\t\t\t\t<\/div>\n\t\t\t\t\t<\/div>\n\t\t\t\t<\/div>\n\t\t<div class=\"elementor-element elementor-element-fa3b2cc e-flex e-con-boxed e-con e-parent\" data-id=\"fa3b2cc\" data-element_type=\"container\" data-e-type=\"container\">\n\t\t\t\t\t<div class=\"e-con-inner\">\n\t\t\t\t<div class=\"elementor-element elementor-element-a9b9259 elementor-widget elementor-widget-heading\" data-id=\"a9b9259\" data-element_type=\"widget\" data-e-type=\"widget\" id=\"traindeal\" data-widget_type=\"heading.default\">\n\t\t\t\t<div class=\"elementor-widget-container\">\n\t\t\t\t\t<h2 class=\"elementor-heading-title elementor-size-default\">NUTZEN SIE UNSEREN SPEZIELLEN DB-RABATT F\u00dcR IHRE ANKUNFT<\/h2>\t\t\t\t<\/div>\n\t\t\t\t<\/div>\n\t\t\t\t<div class=\"elementor-element elementor-element-b355833 elementor-widget elementor-widget-text-editor\" data-id=\"b355833\" data-element_type=\"widget\" data-e-type=\"widget\" data-widget_type=\"text-editor.default\">\n\t\t\t\t<div class=\"elementor-widget-container\">\n\t\t\t\t\t\t\t\t\t<p>Machen Sie Ihre Anreise zur Hinterlandkonferenz 2025 in Bielefeld einfach, bequem und nachhaltig.<\/p><p>Durch unsere Partnerschaft mit der Deutschen Bahn k\u00f6nnen Sie ein exklusives Veranstaltungsticket zum bundesweiten Festpreis buchen &#8211; inklusive City-Ticket f\u00fcr die nahtlose Anreise.<\/p><p><strong>Ihre Vorteile:<\/strong><\/p><p>&#8211; Klimafreundlich und stressfrei reisen mit 100% \u00d6kostrom<br>&#8211; Spezielle Festpreise f\u00fcr eine einfache Fahrt von jedem DB-Bahnhof in Deutschland<br>&#8211; Inklusive City-Ticket f\u00fcr den bequemen Nahverkehr<\/p><p>Erste Klasse: 95 \u20ac (einschlie\u00dflich Sitzplatzreservierung)<br>Zweite Klasse: 59\u20ac<br>Flexibles Event-Ticket (immer verf\u00fcgbar):<br>Erste Klasse: 119 \u20ac (einschlie\u00dflich Sitzplatzreservierung)<br>Zweite Klasse: 82\u20ac<\/p><p>Buchen Sie jetzt Ihr Ticket und genie\u00dfen Sie eine reibungslose, nachhaltige Reise:<\/p>\t\t\t\t\t\t\t\t<\/div>\n\t\t\t\t<\/div>\n\t\t\t\t<div class=\"elementor-element elementor-element-2dad469 elementor-widget elementor-widget-button\" data-id=\"2dad469\" data-element_type=\"widget\" data-e-type=\"widget\" data-widget_type=\"button.default\">\n\t\t\t\t<div class=\"elementor-widget-container\">\n\t\t\t\t\t\t\t\t\t<div class=\"elementor-button-wrapper\">\n\t\t\t\t\t<a class=\"elementor-button elementor-button-link elementor-size-sm elementor-animation-grow\" href=\"https:\/\/www.veranstaltungsticket-bahn.de\/?event=23309&#038;language=de\" target=\"_blank\" rel=\"noopener\">\n\t\t\t\t\t\t<span class=\"elementor-button-content-wrapper\">\n\t\t\t\t\t\t\t\t\t<span class=\"elementor-button-text\">ZUG TICKET KAUFEN<\/span>\n\t\t\t\t\t<\/span>\n\t\t\t\t\t<\/a>\n\t\t\t\t<\/div>\n\t\t\t\t\t\t\t\t<\/div>\n\t\t\t\t<\/div>\n\t\t\t\t\t<\/div>\n\t\t\t\t<\/div>\n\t\t\t\t<\/div>\n\t\t","protected":false},"excerpt":{"rendered":"<p>HOTELS &amp; ZUG Sie besuchen die Hinterland of Things Conference 2025 und sind auf der Suche nach der perfekten Unterkunft? Wir haben das Richtige f\u00fcr Sie! Um Ihren Aufenthalt noch angenehmer zu gestalten, haben wir uns mit den besten Hotels in Bielefeld zusammengetan, um exklusive Rabatte und Sonderpreise f\u00fcr Konferenzteilnehmer anzubieten. TICKET KAUFEN ALLGEMEINE INFORMATIONEN [&hellip;]<\/p>\n","protected":false},"author":2,"featured_media":0,"parent":0,"menu_order":0,"comment_status":"closed","ping_status":"closed","template":"","meta":{"footnotes":""},"class_list":["post-5356","page","type-page","status-publish","hentry"],"_links":{"self":[{"href":"https:\/\/hinterlandofthings.com\/de\/wp-json\/wp\/v2\/pages\/5356","targetHints":{"allow":["GET"]}}],"collection":[{"href":"https:\/\/hinterlandofthings.com\/de\/wp-json\/wp\/v2\/pages"}],"about":[{"href":"https:\/\/hinterlandofthings.com\/de\/wp-json\/wp\/v2\/types\/page"}],"author":[{"embeddable":true,"href":"https:\/\/hinterlandofthings.com\/de\/wp-json\/wp\/v2\/users\/2"}],"replies":[{"embeddable":true,"href":"https:\/\/hinterlandofthings.com\/de\/wp-json\/wp\/v2\/comments?post=5356"}],"version-history":[{"count":3,"href":"https:\/\/hinterlandofthings.com\/de\/wp-json\/wp\/v2\/pages\/5356\/revisions"}],"predecessor-version":[{"id":13150,"href":"https:\/\/hinterlandofthings.com\/de\/wp-json\/wp\/v2\/pages\/5356\/revisions\/13150"}],"wp:attachment":[{"href":"https:\/\/hinterlandofthings.com\/de\/wp-json\/wp\/v2\/media?parent=5356"}],"curies":[{"name":"wp","href":"https:\/\/api.w.org\/{rel}","templated":true}]}}